{"id":10,"date":"2012-01-23T13:12:56","date_gmt":"2012-01-23T13:12:56","guid":{"rendered":"http:\/\/www.tetrazon.net\/en\/?page_id=10"},"modified":"2017-10-18T23:18:42","modified_gmt":"2017-10-18T23:18:42","slug":"projects","status":"publish","type":"page","link":"https:\/\/tetrazon.net\/en\/projects\/","title":{"rendered":"Projects"},"content":{"rendered":"<ul>\n<li><a href=\"https:\/\/www.tetrazon.net\/en\/rumeli-mecidiye-bastion\/\">Rumeli Mecidiye Bastion<\/a> (2017)<\/li>\n<li><a href=\"https:\/\/www.tetrazon.net\/en\/besiktas-jk-museum\/\">Be\u015fikta\u015f JK Museum<\/a> (2017)<\/li>\n<li><a href=\"https:\/\/www.tetrazon.net\/en\/kilis-alaeddin-yavasca-house-museum\/\">Kilis Alaeddin Yavasca House Museum<\/a> (2016)<\/li>\n<li><a href=\"https:\/\/www.tetrazon.net\/en\/izmir-migration-and-population-exchange-museum\/\">Izmir Migration and Population Exchange Museum<\/a> (2016)<\/li>\n<li><a href=\"https:\/\/www.tetrazon.net\/en\/sagalassos-visitor-center\/\">Sagalassos Visitor Center<\/a> (2016)<\/li>\n<li><a href=\"https:\/\/www.tetrazon.net\/en\/trade-in-anatolia-scale-weights-and-weighing-instruments-exhibition\/\">\u201cTrade in Anatolia; Scale Weights and Weighing Instruments\u201d Exhibition<\/a> (2016)<\/li>\n<li><a href=\"https:\/\/www.tetrazon.net\/en\/aynalikavak-pavilion-music-museum\/\">Aynalikavak Pavilion Music Museum<\/a> (2015)<\/li>\n<li><a href=\"https:\/\/www.tetrazon.net\/en\/mehmed-uzun-museum\/\">Mehmed Uzun Museum<\/a> (2015)<\/li>\n<li><a href=\"https:\/\/www.tetrazon.net\/en\/yozgat-archaeology-museum\/\">Yozgat Archaeology Museum<\/a> (2015)<\/li>\n<li><a href=\"https:\/\/www.tetrazon.net\/en\/john-garstangs-footsteps-across-anatolia-exhibition\/\">\u201cJohn Garstang\u2019s Footsteps Across Anatolia\u201d Exhibition<\/a> (2015)<\/li>\n<li><a href=\"https:\/\/www.tetrazon.net\/en\/ataturk-and-children-museum-yalova\/\">Ataturk and Children Museum, Yalova<\/a> (2014)<\/li>\n<li><a href=\"https:\/\/www.tetrazon.net\/en\/diyarbakir-city-museum\/\">Diyarbakir City Museum<\/a> (2014)<\/li>\n<li><a href=\"https:\/\/www.tetrazon.net\/en\/trade-in-kayseri-from-kultepe-to-seljuk-era-exhibition\/\">\u201cTrade in Kayseri; From Kultepe to Seljuk Era\u201d Exhibition<\/a> (2014)<\/li>\n<li><a href=\"https:\/\/www.tetrazon.net\/en\/from-the-alps-to-the-caucasus-the-150-years-history-of-cheesemaking-in-kars-exhibition\/\">\u201cFrom the Alps to the Caucasus; The 150 Years History of Cheesemaking in Kars\u201d Exhibition<\/a> (2014)<\/li>\n<li><a href=\"https:\/\/www.tetrazon.net\/en\/museum-of-seljuk-civilization-kayseri\/\">Museum of Seljuk Civilization, Kayseri<\/a> (2014)<\/li>\n<li><a href=\"https:\/\/www.tetrazon.net\/en\/vineyard-route-in-trace-exhibit\/\">\u201cVineyard Route in Trace\u201d Exhibition<\/a> (2014)<\/li>\n<li><a href=\"https:\/\/www.tetrazon.net\/en\/from-the-traveller-to-the-tourist-exhibition-cer-modern-and-erciyes-university\/\">From the Traveller to the Tourist Exhibition, Cer Modern and Erciyes University<\/a> (2014)<\/li>\n<li><a href=\"https:\/\/www.tetrazon.net\/en\/tarsus-city-museum\/\">Tarsus City Museum<\/a> (2013)<\/li>\n<li><a href=\"https:\/\/www.tetrazon.net\/en\/from-the-traveller-to-the-tourist-exhibition-istiklal-street-and-emmit-tuyap\/\">From the Traveller to the Tourist Exhibition, Istiklal Street and Emm\u0131t Tuyap<\/a> (2013)<\/li>\n<li><a href=\"https:\/\/www.tetrazon.net\/en\/from-the-traveller-to-the-tourist-exhibition-lutfi-kirdar-istanbul\/\">From the Traveller to the Tourist Exhibition, L\u00fctfi K\u0131rdar, Istanbul<\/a> (2013)<\/li>\n<li><a href=\"https:\/\/www.tetrazon.net\/en\/edirne-defense-and-sukru-pasha-museum-edirne\/\">Defense of Edirne and \u015e\u00fckr\u00fc Pasha Museum, Edirne<\/a> (2013)<\/li>\n<li><a href=\"https:\/\/www.tetrazon.net\/en\/the-story-of-water-from-nile-to-alexandria-belgium\/\">The Story of Water from Nile to Alexandria, Belgium<\/a> (2013)<\/li>\n<li><a href=\"https:\/\/www.tetrazon.net\/en\/torbali-city-museum-izmir\/\">Torbal\u0131 City Museum, Izmir<\/a> (2013)<\/li>\n<li><a href=\"https:\/\/www.tetrazon.net\/en\/sait-faik-abasiyanik-museum-burgazada\/\">Sait Faik Abas\u0131yan\u0131k Museum, Burgazada<\/a> (2013)<\/li>\n<li><a href=\"https:\/\/www.tetrazon.net\/en\/sagalassos-exhibition-anamed\/\">In Site Sagalassos Exhibition, RCAC<\/a> (2013)<\/li>\n<li><a href=\"https:\/\/www.tetrazon.net\/en\/cahit-sitki-taranci-house-museum-diyarbakir\/\">Cahit S\u0131tk\u0131 Taranc\u0131 Museum, Diyarbak\u0131r <\/a>(2013)<\/li>\n<li><a href=\"https:\/\/www.tetrazon.net\/en\/150-years-of-tourism-in-turkey\/\"> 150 years of Tourism in Turkey<\/a>(2012)<\/li>\n<li><a href=\"https:\/\/www.tetrazon.net\/en\/sisli-ataturk-museum\/\">\u015ei\u015fli Atat\u00fcrk Museum<\/a>(2012)<\/li>\n<li><a href=\"https:\/\/www.tetrazon.net\/en\/waters-for-a-capital-exhibition\/\">Waters for a Capital Exhibition<\/a>(2012)<\/li>\n<li><a href=\"https:\/\/www.tetrazon.net\/en\/ziya-gokalp-museum\/\">Ziya G\u00f6kalp Museum<\/a>(2012)<\/li>\n<li><a href=\"https:\/\/www.tetrazon.net\/en\/red-bull-art-of-can-exhibition\/\">Red Bull Art of Can Exhibition<\/a> (2011)<\/li>\n<li><a href=\"https:\/\/www.tetrazon.net\/en\/the-story-of-water-from-nile-to-alexandria-2\/\">The Story of Water From Nile to Alexandria, France<\/a> (2011)<\/li>\n<li><a href=\"https:\/\/www.tetrazon.net\/en\/idw-2011-red-bull-art-of-can-stand\/\">idw 2011 Red Bull Art of Can Stand <\/a>(2011)<\/li>\n<li><a href=\"https:\/\/www.tetrazon.net\/en\/islands-writers-poets-from-myth-to-litterature-exhibition\/\">Islands, Writers, Poets\u2026 From Myth to Litterature Exhibition <\/a>(2011)<\/li>\n<li><a href=\"https:\/\/www.tetrazon.net\/en\/waqf-museum-of-sahip-ata\/\">Waqf Museum of Sahip Ata<\/a> (2010)<\/li>\n<li><a href=\"https:\/\/www.tetrazon.net\/en\/mustafa-kemal-museum-in-akaretler\/\">Akaretler Mustafa Kemal Museum <\/a>(2010)<\/li>\n<li><a href=\"https:\/\/www.tetrazon.net\/en\/nemrut-site-adiyaman-malatya-visitor-centers-permanent-exhibitions-design\/\">Nemrut Site, Ad\u0131yaman &amp; Malatya Visitor Centers\u2019 Permanent Exhibitions design <\/a>(2009)<\/li>\n<li><a href=\"https:\/\/www.tetrazon.net\/en\/all-about-to-beer-from-ottoman-to-republic\/\">All About The Beer: From Ottoman Period to The Republic\u00a0<\/a>(2009)<\/li>\n<li><a href=\"https:\/\/www.tetrazon.net\/en\/the-story-of-water-from-nile-to-alexandria-1\/\">The Story of Water From Nile to Alexandria, Switzerland <\/a> (2009)<\/li>\n<li><a href=\"https:\/\/www.tetrazon.net\/en\/museum-of-bakirkoy-psychiatric-hospital\/\">Museum of Bak\u0131rk\u00f6y Psychiatric Hospital <\/a>(2008)<\/li>\n<li><a href=\"https:\/\/www.tetrazon.net\/en\/wall-mounted-clocks-in-waqf-artworks\/\">Wall Mounted Clocks in Waqf Artworks <\/a>(2008)<\/li>\n<li><a href=\"https:\/\/www.tetrazon.net\/en\/architectural-adventure-of-water\/\">Architectural Adventure of Water<\/a> (2008)<\/li>\n<li><a href=\"https:\/\/www.tetrazon.net\/en\/isbank-museum\/\">Isbank Museum <\/a>(2007)<\/li>\n<li><a href=\"https:\/\/www.tetrazon.net\/en\/through-the-republic-a-way-of-freedom-and-liberty-1919-1923-exhibition\/\">Towards The Republic:The Road to Freedom and Liberty (1919-1923) Exhibition<\/a> (2006)<\/li>\n<li><a href=\"https:\/\/www.tetrazon.net\/en\/voices-of-mediterranean-istanbul-in-the-memories-exhibition\/\">Voices of Mediterranean \u2013 Istanbul in the Memories Exhibition<\/a> (2006)<\/li>\n<li><a href=\"https:\/\/www.tetrazon.net\/en\/eyup-toys-exhibition\/\">Ey\u00fcp Toys Exhibition <\/a>(2005)<\/li>\n<li>Bar of Istanbul Museum (2005)<\/li>\n<li><a href=\"https:\/\/www.tetrazon.net\/en\/a-beer-exhibition-by-efes-pilsen\/\">A Beer Exhibition by Efes Pilsen <\/a>(2005)<\/li>\n<li><a href=\"https:\/\/www.tetrazon.net\/en\/kilye-interpretation-center-exhibitions\/\">Kilye Interpretation Center Exhibitions<\/a> (2004)<\/li>\n<li><a href=\"https:\/\/www.tetrazon.net\/en\/besiktas-naval-museum-20th-century-hall-exhibitions\/\">Be\u015fikta\u015f Naval Museum, 20th Century Hall Exhibitions<\/a> (2003)<\/li>\n<li><a href=\"https:\/\/www.tetrazon.net\/en\/train-era-exhibition\/\">Train Era Exhibition <\/a>(2003)<\/li>\n<li><a href=\"https:\/\/www.tetrazon.net\/en\/diaries-of-ismet-inonu-exhibition\/\">Diaries of Ismet Inonu Exhibition <\/a>(2003)<\/li>\n<li>Sait Faik Abas\u0131yan\u0131k Exhibition (2003)<\/li>\n<li>UIA Istanbul Exhibition (2002)<\/li>\n<li>Anatolian Houses Exhibition (2002)<\/li>\n<li>Following the traces of narrow-gauge railroad\u00a0(2001)<\/li>\n<li>Under the Shadow of the Plane Exhibition (2001)<\/li>\n<li>Voices from Asi River Exhibition (2001)<\/li>\n<li>Schools in \u00c7anakkale Exhibition (2000)<\/li>\n<li>History Around Us Exhibition (1999)<\/li>\n<li>Vedat Tek the Architect Exhibition (1999)<\/li>\n<\/ul>\n","protected":false},"excerpt":{"rendered":"<p>Rumeli Mecidiye Bastion (2017) Be\u015fikta\u015f JK Museum (2017) Kilis Alaeddin Yavasca House Museum (2016) Izmir Migration and Population Exchange Museum (2016) Sagalassos Visitor Center (2016) \u201cTrade in Anatolia; Scale Weights and Weighing Instruments\u201d Exhibition (2016) Aynalikavak Pavilion Music Museum (2015) Mehmed Uzun Museum (2015) Yozgat Archaeology Museum (2015) \u201cJohn Garstang\u2019s Footsteps Across Anatolia\u201d Exhibition (2015) [&hellip;]<\/p>\n","protected":false},"author":3,"featured_media":0,"parent":0,"menu_order":3,"comment_status":"closed","ping_status":"closed","template":"","meta":{"spay_email":"","footnotes":""},"class_list":["post-10","page","type-page","status-publish","hentry"],"_links":{"self":[{"href":"https:\/\/tetrazon.net\/en\/wp-json\/wp\/v2\/pages\/10","targetHints":{"allow":["GET"]}}],"collection":[{"href":"https:\/\/tetrazon.net\/en\/wp-json\/wp\/v2\/pages"}],"about":[{"href":"https:\/\/tetrazon.net\/en\/wp-json\/wp\/v2\/types\/page"}],"author":[{"embeddable":true,"href":"https:\/\/tetrazon.net\/en\/wp-json\/wp\/v2\/users\/3"}],"replies":[{"embeddable":true,"href":"https:\/\/tetrazon.net\/en\/wp-json\/wp\/v2\/comments?post=10"}],"version-history":[{"count":37,"href":"https:\/\/tetrazon.net\/en\/wp-json\/wp\/v2\/pages\/10\/revisions"}],"predecessor-version":[{"id":1094,"href":"https:\/\/tetrazon.net\/en\/wp-json\/wp\/v2\/pages\/10\/revisions\/1094"}],"wp:attachment":[{"href":"https:\/\/tetrazon.net\/en\/wp-json\/wp\/v2\/media?parent=10"}],"curies":[{"name":"wp","href":"https:\/\/api.w.org\/{rel}","templated":true}]}}