{"id":1129,"date":"2020-08-12T14:11:07","date_gmt":"2020-08-12T14:11:07","guid":{"rendered":"http:\/\/www.tetrazon.net\/en\/?page_id=1129"},"modified":"2020-08-12T14:16:47","modified_gmt":"2020-08-12T14:16:47","slug":"virtual-exhibitions","status":"publish","type":"page","link":"https:\/\/tetrazon.net\/en\/virtual-exhibitions\/","title":{"rendered":"virtual exhibitions"},"content":{"rendered":"\n<h2 class=\"wp-block-heading\" style=\"text-align:center\">EV\u0131N\u0131Z\u0131N KASASI \u0131s BANKASI KUMBARASI<\/h2>\n\n\n\n<script async src=\"https:\/\/static.theasys.io\/embed.js\" data-theasys=\"N3e519IJvyCNkV5iG677AXbLQBFMUC\" data-width=\"560\" data-height=\"315\" ><\/script>\n","protected":false},"excerpt":{"rendered":"<p>EV\u0131N\u0131Z\u0131N KASASI \u0131s BANKASI KUMBARASI<\/p>\n","protected":false},"author":4,"featured_media":0,"parent":0,"menu_order":0,"comment_status":"closed","ping_status":"closed","template":"","meta":{"spay_email":"","footnotes":""},"class_list":["post-1129","page","type-page","status-publish","hentry"],"_links":{"self":[{"href":"https:\/\/tetrazon.net\/en\/wp-json\/wp\/v2\/pages\/1129","targetHints":{"allow":["GET"]}}],"collection":[{"href":"https:\/\/tetrazon.net\/en\/wp-json\/wp\/v2\/pages"}],"about":[{"href":"https:\/\/tetrazon.net\/en\/wp-json\/wp\/v2\/types\/page"}],"author":[{"embeddable":true,"href":"https:\/\/tetrazon.net\/en\/wp-json\/wp\/v2\/users\/4"}],"replies":[{"embeddable":true,"href":"https:\/\/tetrazon.net\/en\/wp-json\/wp\/v2\/comments?post=1129"}],"version-history":[{"count":5,"href":"https:\/\/tetrazon.net\/en\/wp-json\/wp\/v2\/pages\/1129\/revisions"}],"predecessor-version":[{"id":1135,"href":"https:\/\/tetrazon.net\/en\/wp-json\/wp\/v2\/pages\/1129\/revisions\/1135"}],"wp:attachment":[{"href":"https:\/\/tetrazon.net\/en\/wp-json\/wp\/v2\/media?parent=1129"}],"curies":[{"name":"wp","href":"https:\/\/api.w.org\/{rel}","templated":true}]}}