{"id":19,"date":"2012-01-23T12:57:50","date_gmt":"2012-01-23T12:57:50","guid":{"rendered":"http:\/\/www.tetrazon.net\/tr\/?page_id=19"},"modified":"2025-04-22T13:59:08","modified_gmt":"2025-04-22T13:59:08","slug":"iletisim","status":"publish","type":"page","link":"https:\/\/tetrazon.net\/tr\/iletisim\/","title":{"rendered":"\u0130leti\u015fim"},"content":{"rendered":"\t\t<div data-elementor-type=\"wp-page\" data-elementor-id=\"19\" class=\"elementor elementor-19\">\n\t\t\t\t<div class=\"elementor-element elementor-element-1015c640 e-flex e-con-boxed e-con e-parent\" data-id=\"1015c640\" data-element_type=\"container\" data-e-type=\"container\">\n\t\t\t\t\t<div class=\"e-con-inner\">\n\t\t\t\t<div class=\"elementor-element elementor-element-725a03fa elementor-widget elementor-widget-text-editor\" data-id=\"725a03fa\" data-element_type=\"widget\" data-e-type=\"widget\" data-widget_type=\"text-editor.default\">\n\t\t\t\t<div class=\"elementor-widget-container\">\n\t\t\t\t\t\t\t\t\t<p style=\"text-align: left;\">Nisbetiye Mahallesi, Y\u00fccel Sokak, A Blok No: 1\/8, Ar\u0131can Apt. Be\u015fikta\u015f\/I\u0307stanbul<\/p>\n<p style=\"text-align: left;\"><span style=\"font-size: 12pt;\"><strong>Tel:<\/strong> +90 (212) 243 33 83<\/span><\/p>\n<p style=\"text-align: left;\"><span style=\"font-size: 12pt;\"><strong>E-Mail:<\/strong> info@tetrazon.net<\/span><\/p>\n<p style=\"text-align: left;\"><span style=\"font-size: 12pt;\">\u00a0<\/span><\/p>\n<p style=\"text-align: left;\"><iframe width=\"400\" height=\"300\" style=\"border: 0;\" src=\"https:\/\/www.google.com\/maps\/embed?pb=!1m18!1m12!1m3!1d1194.3278414043727!2d28.990663635036412!3d41.035810184121054!2m3!1f0!2f0!3f0!3m2!1i1024!2i768!4f13.1!3m3!1m2!1s0x14cab77a05616615%3A0x4014cb64f929a053!2sTetrazon%20Yap%C4%B1%20Tasar%C4%B1m%20Ve%20Prod%C3%BCksiyon%20Tic.%20Ltd.%20%C5%9Eti.!5e0!3m2!1str!2str!4v1613052990993!5m2!1str!2str\" frameborder=\"0\" allowfullscreen=\"allowfullscreen\" aria-hidden=\"false\" tabindex=\"0\"><\/iframe><\/p>\n<p><\/p>\t\t\t\t\t\t\t\t<\/div>\n\t\t\t\t<\/div>\n\t\t\t\t\t<\/div>\n\t\t\t\t<\/div>\n\t\t\t\t<\/div>\n\t\t","protected":false},"excerpt":{"rendered":"<p>Nisbetiye Mahallesi, Y\u00fccel Sokak, A Blok No: 1\/8, Ar\u0131can Apt. Be\u015fikta\u015f\/I\u0307stanbul Tel: +90 (212) 243 33 83 E-Mail: info@tetrazon.net \u00a0<\/p>\n","protected":false},"author":4,"featured_media":0,"parent":0,"menu_order":6,"comment_status":"closed","ping_status":"closed","template":"","meta":{"_themeisle_gutenberg_block_has_review":false,"footnotes":""},"class_list":["post-19","page","type-page","status-publish","hentry"],"jetpack_sharing_enabled":true,"_links":{"self":[{"href":"https:\/\/tetrazon.net\/tr\/wp-json\/wp\/v2\/pages\/19","targetHints":{"allow":["GET"]}}],"collection":[{"href":"https:\/\/tetrazon.net\/tr\/wp-json\/wp\/v2\/pages"}],"about":[{"href":"https:\/\/tetrazon.net\/tr\/wp-json\/wp\/v2\/types\/page"}],"author":[{"embeddable":true,"href":"https:\/\/tetrazon.net\/tr\/wp-json\/wp\/v2\/users\/4"}],"replies":[{"embeddable":true,"href":"https:\/\/tetrazon.net\/tr\/wp-json\/wp\/v2\/comments?post=19"}],"version-history":[{"count":56,"href":"https:\/\/tetrazon.net\/tr\/wp-json\/wp\/v2\/pages\/19\/revisions"}],"predecessor-version":[{"id":3720,"href":"https:\/\/tetrazon.net\/tr\/wp-json\/wp\/v2\/pages\/19\/revisions\/3720"}],"wp:attachment":[{"href":"https:\/\/tetrazon.net\/tr\/wp-json\/wp\/v2\/media?parent=19"}],"curies":[{"name":"wp","href":"https:\/\/api.w.org\/{rel}","templated":true}]}}