{"id":3689,"date":"2025-04-22T11:19:28","date_gmt":"2025-04-22T11:19:28","guid":{"rendered":"https:\/\/tetrazon.net\/tr\/ana-sayfa-2\/"},"modified":"2025-06-02T11:29:45","modified_gmt":"2025-06-02T11:29:45","slug":"ana-sayfa-2","status":"publish","type":"page","link":"https:\/\/tetrazon.net\/tr\/","title":{"rendered":"Ana sayfa"},"content":{"rendered":"\t\t<div data-elementor-type=\"wp-page\" data-elementor-id=\"3689\" class=\"elementor elementor-3689\">\n\t\t\t\t<div class=\"elementor-element elementor-element-ab906f3 e-con-full e-flex e-con e-parent\" data-id=\"ab906f3\" data-element_type=\"container\" data-e-type=\"container\">\n\t\t\t\t<div class=\"elementor-element elementor-element-64c2147 elementor-widget elementor-widget-video\" data-id=\"64c2147\" data-element_type=\"widget\" data-e-type=\"widget\" data-settings=\"{&quot;video_type&quot;:&quot;hosted&quot;,&quot;start&quot;:9,&quot;end&quot;:0,&quot;autoplay&quot;:&quot;yes&quot;,&quot;play_on_mobile&quot;:&quot;yes&quot;,&quot;mute&quot;:&quot;yes&quot;,&quot;loop&quot;:&quot;yes&quot;}\" data-widget_type=\"video.default\">\n\t\t\t\t<div class=\"elementor-widget-container\">\n\t\t\t\t\t\t\t<div class=\"e-hosted-video elementor-wrapper elementor-open-inline\">\n\t\t\t\t\t<video class=\"elementor-video\" src=\"https:\/\/tetrazon.net\/tr\/wp-content\/uploads\/2025\/04\/2018_Tetrazon-online-video-cutter.com_.mp4#t=9\" autoplay=\"\" loop=\"\" muted=\"muted\" playsinline=\"\" controlsList=\"nodownload\"><\/video>\n\t\t\t\t<\/div>\n\t\t\t\t\t\t<\/div>\n\t\t\t\t<\/div>\n\t\t\t\t<\/div>\n\t\t<div class=\"elementor-element elementor-element-9c16cc3 e-flex e-con-boxed e-con e-parent\" data-id=\"9c16cc3\" data-element_type=\"container\" data-e-type=\"container\">\n\t\t\t\t\t<div class=\"e-con-inner\">\n\t\t\t\t\t<\/div>\n\t\t\t\t<\/div>\n\t\t<div class=\"elementor-element elementor-element-58ec6643 e-con-full e-flex elementor-invisible e-con e-parent\" data-id=\"58ec6643\" data-element_type=\"container\" data-e-type=\"container\" data-settings=\"{&quot;animation&quot;:&quot;fadeInDown&quot;}\">\n\t\t\t\t<div class=\"elementor-element elementor-element-383308cd elementor-widget elementor-widget-text-editor\" data-id=\"383308cd\" data-element_type=\"widget\" data-e-type=\"widget\" data-widget_type=\"text-editor.default\">\n\t\t\t\t<div class=\"elementor-widget-container\">\n\t\t\t\t\t\t\t\t\t<p style=\"text-align: center;\"><font face=\"Helvetica\"><span style=\"font-size: 18.6667px;\">Tetrazon M\u00fcze Sergi Tasar\u0131m T\u00fcrkiye\u2019de m\u00fczeoloji ve m\u00fczeografi alanlar\u0131nda uzmanla\u015fm\u0131\u015f ilk kurulu\u015ftur ve kuruldu\u011fu g\u00fcnden beri m\u00fcze ve sergi olu\u015fum s\u00fcre\u00e7lerinin her a\u015famas\u0131nda- m\u00fczeolojik dan\u0131\u015fmanl\u0131k ve planlama, koleksiyon y\u00f6netimi, k\u00fcratoryal i\u015fler, tasar\u0131m, \u00fcretim, uygulama ve kurumsal kimlik tasar\u0131m\u0131na kadar \u2013 hizmet vermektedir. K\u00fclt\u00fcrel mek\u00e2nlar\u0131, m\u00fczeleri ve sergileri benzersiz deneyimlere d\u00f6n\u00fc\u015ft\u00fcrme hedefimizle \u00e7al\u0131\u015fmalar\u0131m\u0131z\u0131 s\u00fcrd\u00fcrmekteyiz.<\/span><\/font><\/p>\t\t\t\t\t\t\t\t<\/div>\n\t\t\t\t<\/div>\n\t\t\t\t<\/div>\n\t\t\t\t<\/div>\n\t\t","protected":false},"excerpt":{"rendered":"<p>https:\/\/tetrazon.net\/tr\/wp-content\/uploads\/2025\/04\/2018_Tetrazon-online-video-cutter.com_.mp4#t=9 Tetrazon M\u00fcze Sergi Tasar\u0131m T\u00fcrkiye\u2019de m\u00fczeoloji ve m\u00fczeografi alanlar\u0131nda uzmanla\u015fm\u0131\u015f ilk kurulu\u015ftur ve kuruldu\u011fu g\u00fcnden beri m\u00fcze ve sergi olu\u015fum s\u00fcre\u00e7lerinin her a\u015famas\u0131nda- m\u00fczeolojik dan\u0131\u015fmanl\u0131k ve planlama, koleksiyon y\u00f6netimi, k\u00fcratoryal i\u015fler, tasar\u0131m, \u00fcretim, uygulama ve kurumsal kimlik tasar\u0131m\u0131na kadar \u2013 hizmet vermektedir. K\u00fclt\u00fcrel mek\u00e2nlar\u0131, m\u00fczeleri ve sergileri benzersiz deneyimlere [&hellip;]<\/p>\n","protected":false},"author":4,"featured_media":0,"parent":0,"menu_order":0,"comment_status":"closed","ping_status":"closed","template":"","meta":{"_themeisle_gutenberg_block_has_review":false,"footnotes":""},"class_list":["post-3689","page","type-page","status-publish","hentry"],"jetpack_sharing_enabled":true,"_links":{"self":[{"href":"https:\/\/tetrazon.net\/tr\/wp-json\/wp\/v2\/pages\/3689","targetHints":{"allow":["GET"]}}],"collection":[{"href":"https:\/\/tetrazon.net\/tr\/wp-json\/wp\/v2\/pages"}],"about":[{"href":"https:\/\/tetrazon.net\/tr\/wp-json\/wp\/v2\/types\/page"}],"author":[{"embeddable":true,"href":"https:\/\/tetrazon.net\/tr\/wp-json\/wp\/v2\/users\/4"}],"replies":[{"embeddable":true,"href":"https:\/\/tetrazon.net\/tr\/wp-json\/wp\/v2\/comments?post=3689"}],"version-history":[{"count":84,"href":"https:\/\/tetrazon.net\/tr\/wp-json\/wp\/v2\/pages\/3689\/revisions"}],"predecessor-version":[{"id":4053,"href":"https:\/\/tetrazon.net\/tr\/wp-json\/wp\/v2\/pages\/3689\/revisions\/4053"}],"wp:attachment":[{"href":"https:\/\/tetrazon.net\/tr\/wp-json\/wp\/v2\/media?parent=3689"}],"curies":[{"name":"wp","href":"https:\/\/api.w.org\/{rel}","templated":true}]}}