{"id":7,"date":"2012-01-23T12:39:56","date_gmt":"2012-01-23T12:39:56","guid":{"rendered":"http:\/\/www.tetrazon.net\/tr\/?page_id=7"},"modified":"2025-06-13T12:45:30","modified_gmt":"2025-06-13T12:45:30","slug":"hizmetler","status":"publish","type":"page","link":"https:\/\/tetrazon.net\/tr\/hizmetler\/","title":{"rendered":"Hizmetlerimiz"},"content":{"rendered":"<p>2005\u2019ten bu yana, 20 y\u0131ll\u0131k deneyimimiz ve Bur\u00e7ak Madran\u2019\u0131n akademik ve uluslararas\u0131 uzmanl\u0131\u011f\u0131yla, m\u00fcze ve sergi olu\u015fum s\u00fcre\u00e7lerinin her a\u015famas\u0131nda- m\u00fczeolojik dan\u0131\u015fmanl\u0131k ve planlama, koleksiyon y\u00f6netimi, k\u00fcratoryal i\u015fler, tasar\u0131m, \u00fcretim, uygulama ve kurumsal kimlik tasar\u0131m\u0131na kadar \u2013 hizmet veriyoruz.<\/p>\n<p>Verdi\u011fimiz hizmetler:<\/p>\n<ul>\n<li><span style=\"font-family: Helvetica;\"><strong>M\u00fczeolojik Dan\u0131\u015fmanl\u0131k ve Planlama<\/strong><\/span>\n<ul>\n<li>Politika ve y\u00f6netmeliklerin haz\u0131rlanmas\u0131<\/li>\n<li>M\u00fcze izin s\u00fcre\u00e7lerinin y\u00f6netilmesi<\/li>\n<li>M\u00fcze master plan\u0131 haz\u0131rlanmas\u0131.<\/li>\n<\/ul>\n<\/li>\n<\/ul>\n<ul>\n<li><span style=\"font-family: Helvetica;\"><strong>Ara\u015ft\u0131rma ve K\u00fcratoryel \u0130\u015fler<\/strong><\/span>\n<ul>\n<li>Envanterin de\u011ferlendirilmesi,<\/li>\n<li>Sergi sinopsisinin haz\u0131rlanmas\u0131,<\/li>\n<li>Metinlerin, g\u00f6rsellerin ve dijital i\u00e7eriklerin derlenmesi,<\/li>\n<li>K\u00fcratoryal rapor haz\u0131rlanmas\u0131.<\/li>\n<\/ul>\n<\/li>\n<\/ul>\n<ul>\n<li><span style=\"font-family: Helvetica;\"><strong>Koleksiyon Y\u00f6netimi<\/strong><\/span>\n<ul>\n<li>Tasnif ve tan\u0131mlama,<\/li>\n<li>De\u011ferlendirme ve geli\u015ftirme,<\/li>\n<li>Koruma,<\/li>\n<li>Belgeleme ve kay\u0131t alt\u0131na alma,<\/li>\n<li>Kullan\u0131m, \u00f6d\u00fcn\u00e7 alma verme ve paketleme ve nakliye ilkeleri, telif konular\u0131.<\/li>\n<\/ul>\n<\/li>\n<\/ul>\n<ul>\n<li><span style=\"font-family: Helvetica;\"><strong>Mekan Planlama<\/strong><\/span>\n<ul>\n<li>Mekan de\u011ferlendirmesi; altyap\u0131 ve \u00fcst yap\u0131 ihtiya\u00e7lar\u0131n\u0131n belirlenmesi,<\/li>\n<li>Kullan\u0131m ihtiya\u00e7lar\u0131n\u0131n belirlenmesi ve ili\u015fkilendirilmesi,<\/li>\n<li>Mimari program \u00e7\u0131kar\u0131lmas\u0131.<\/li>\n<\/ul>\n<\/li>\n<\/ul>\n<ul>\n<li><span style=\"font-family: Helvetica;\"><strong>Sergi Tasar\u0131m\u0131<\/strong><\/span>\n<ul>\n<li>Sergi kurgusunun olu\u015fturulmas\u0131,<\/li>\n<li>Sergileme sistemlerinin tasar\u0131m\u0131,<\/li>\n<li>Dijital planlama,<\/li>\n<li>Grafik tasar\u0131mlar,<\/li>\n<li>Ayd\u0131nlatma.<\/li>\n<\/ul>\n<\/li>\n<\/ul>\n<ul>\n<li><span style=\"font-family: Helvetica;\"><strong>Sergi Y\u00f6netimi<\/strong><\/span>\n<ul>\n<li>\u00a0Avan, kesin ve uygulama projeleri teslimi,<\/li>\n<li>\u015eartnameler,<\/li>\n<li>Yakla\u015f\u0131k maliyetler,<\/li>\n<li>Teklif ve sat\u0131n almalar koordinasyonu.<\/li>\n<\/ul>\n<\/li>\n<\/ul>\n<ul>\n<li><span style=\"font-family: Helvetica;\"><strong>\u00dcretim ve Montaj<\/strong><\/span>\n<ul>\n<li>Onaylanan uygulama projesine g\u00f6re \u00fcretimin ger\u00e7ekle\u015ftirilmesi<\/li>\n<li>Sergi yerle\u015fimi ve montaj,<\/li>\n<li>Kontrol ve koordinasyon.<\/li>\n<\/ul>\n<\/li>\n<\/ul>\n<ul>\n<li><span style=\"font-family: Helvetica;\"><strong>Kurumsal Kimlik ve \u00dcr\u00fcnler<\/strong><\/span>\n<ul>\n<li>M\u00fczenin logosunun ve ilgili kurumsal kimlik malzemelerinin tasar\u0131mlar\u0131 ve y\u00f6nergelerinin haz\u0131rlanmas\u0131<\/li>\n<li>M\u00fcze ileti\u015fim ve promosyon malzemelerinin tasar\u0131m\u0131;<\/li>\n<li>Sergiye \u00f6zel etkile\u015fimli alan ve malzeme tasar\u0131m\u0131 ve uygulamalar\u0131.<\/li>\n<\/ul>\n<\/li>\n<\/ul>\n","protected":false},"excerpt":{"rendered":"<p>2005\u2019ten bu yana, 20 y\u0131ll\u0131k deneyimimiz ve Bur\u00e7ak Madran\u2019\u0131n akademik ve uluslararas\u0131 uzmanl\u0131\u011f\u0131yla, m\u00fcze ve sergi olu\u015fum s\u00fcre\u00e7lerinin her a\u015famas\u0131nda- m\u00fczeolojik dan\u0131\u015fmanl\u0131k ve planlama, koleksiyon y\u00f6netimi, k\u00fcratoryal i\u015fler, tasar\u0131m, \u00fcretim, uygulama ve kurumsal kimlik tasar\u0131m\u0131na kadar \u2013 hizmet veriyoruz. Verdi\u011fimiz hizmetler: M\u00fczeolojik Dan\u0131\u015fmanl\u0131k ve Planlama Politika ve y\u00f6netmeliklerin haz\u0131rlanmas\u0131 M\u00fcze [&hellip;]<\/p>\n","protected":false},"author":3,"featured_media":0,"parent":0,"menu_order":3,"comment_status":"closed","ping_status":"closed","template":"","meta":{"_themeisle_gutenberg_block_has_review":false,"footnotes":""},"class_list":["post-7","page","type-page","status-publish","hentry"],"jetpack_sharing_enabled":true,"_links":{"self":[{"href":"https:\/\/tetrazon.net\/tr\/wp-json\/wp\/v2\/pages\/7","targetHints":{"allow":["GET"]}}],"collection":[{"href":"https:\/\/tetrazon.net\/tr\/wp-json\/wp\/v2\/pages"}],"about":[{"href":"https:\/\/tetrazon.net\/tr\/wp-json\/wp\/v2\/types\/page"}],"author":[{"embeddable":true,"href":"https:\/\/tetrazon.net\/tr\/wp-json\/wp\/v2\/users\/3"}],"replies":[{"embeddable":true,"href":"https:\/\/tetrazon.net\/tr\/wp-json\/wp\/v2\/comments?post=7"}],"version-history":[{"count":16,"href":"https:\/\/tetrazon.net\/tr\/wp-json\/wp\/v2\/pages\/7\/revisions"}],"predecessor-version":[{"id":4075,"href":"https:\/\/tetrazon.net\/tr\/wp-json\/wp\/v2\/pages\/7\/revisions\/4075"}],"wp:attachment":[{"href":"https:\/\/tetrazon.net\/tr\/wp-json\/wp\/v2\/media?parent=7"}],"curies":[{"name":"wp","href":"https:\/\/api.w.org\/{rel}","templated":true}]}}