{"id":9,"date":"2012-01-23T12:49:36","date_gmt":"2012-01-23T12:49:36","guid":{"rendered":"http:\/\/www.tetrazon.net\/tr\/?page_id=9"},"modified":"2025-02-18T13:28:06","modified_gmt":"2025-02-18T13:28:06","slug":"hakkimizda","status":"publish","type":"page","link":"https:\/\/tetrazon.net\/tr\/hakkimizda\/","title":{"rendered":"Hakk\u0131m\u0131zda"},"content":{"rendered":"\n<div class=\"wp-block-columns is-layout-flex wp-container-core-columns-is-layout-28f84493 wp-block-columns-is-layout-flex\">\n<div class=\"wp-block-column is-layout-flow wp-block-column-is-layout-flow\" style=\"flex-basis:100%\">\n<p>Tetrazon M\u00fcze Sergi Tasar\u0131m T\u00fcrkiye\u2019de m\u00fczeoloji ve m\u00fczeografi alanlar\u0131nda uzmanla\u015fm\u0131\u015f ilk kurulu\u015ftur ve kuruldu\u011fu 2005 y\u0131l\u0131ndan beri hayata ge\u00e7irdi\u011fi 100\u2019den fazla proje ile uzmanl\u0131\u011f\u0131n\u0131 ortaya koymaktad\u0131r. 20 y\u0131ll\u0131k deneyimi boyunca, 50\u2019den fazla kamu kurulu\u015fu ve 40\u2019tan fazla \u00f6zel kuruma m\u00fcze ve sergi olu\u015fum s\u00fcre\u00e7lerinin her a\u015famas\u0131nda- m\u00fczeolojik dan\u0131\u015fmanl\u0131k ve planlama, koleksiyon y\u00f6netimi, k\u00fcratoryal i\u015fler, tasar\u0131m, \u00fcretim, uygulama ve kurumsal kimlik tasar\u0131m\u0131na kadar \u2013 hizmet vermektedir. K\u00fclt\u00fcrel mek\u00e2nlar\u0131, m\u00fczeleri ve sergileri benzersiz deneyimlere d\u00f6n\u00fc\u015ft\u00fcrme hedefimizle \u00e7al\u0131\u015fmalar\u0131m\u0131z\u0131 s\u00fcrd\u00fcrmekteyiz.<\/p>\n<p>Uzmanl\u0131\u011f\u0131m\u0131z ve vizyonumuzu \u015fekillendirilen kurucumuz Bur\u00e7ak Madran halen Uluslararas\u0131 M\u00fczeler Konseyi (ICOM) Uluslararas\u0131 Tarih ve Arkeoloji M\u00fczeleri Komitesinin yan\u0131 s\u0131ra, kurucu \u00fcyesi oldu\u011fu ECROS (European Cultural Routes of Sports) derne\u011finin ba\u015fkanl\u0131k g\u00f6revini y\u00fcr\u00fctmektedir. \u00a0Bur\u00e7ak Madran\u2019\u0131n, 1994\u2019ten g\u00fcn\u00fcm\u00fcze uzanan uluslararas\u0131 deneyimleri ve uzmanl\u0131\u011f\u0131 ile m\u00fcze ve sergi tasar\u0131m\u0131 s\u00fcre\u00e7lerinin tamam\u0131nda i\u015f ortaklar\u0131m\u0131za benzersiz bir hizmet sunmaktay\u0131z.<\/p>\n<p>Tetrazon olarak m\u00fczelerin yaln\u0131zca tasar\u0131m ve uygulamas\u0131n\u0131 ger\u00e7ekle\u015ftirmiyor, g\u00fcncel d\u00fczenlemeleri takip ederek, mevzuat ve m\u00fcze izin s\u00fcre\u00e7lerini y\u00f6netiyor, politika ve y\u00f6netmelikler ile m\u00fcze master plan\u0131 haz\u0131rl\u0131yoruz. Bu alanlardaki uzmanl\u0131\u011f\u0131m\u0131z ile en \u00e7ok tercih edilen firmay\u0131z.<\/p>\n<p>Projelerimize, k\u00fclt\u00fcrel miras\u0131 ve toplumsal belle\u011fi ya\u015fatman\u0131n sorumlulu\u011fu ile yakla\u015f\u0131yoruz. M\u00fczeleri, bilim merkezlerini, k\u00fclt\u00fcrel ve tematik sergileri d\u00fc\u015f\u00fcnd\u00fcren, anlaml\u0131 ve ziyaret\u00e7i deneyimi ile harmanlanm\u0131\u015f bir mekana d\u00f6n\u00fc\u015ft\u00fcrmek i\u00e7in anlat\u0131m\u0131 fiziksel alanla b\u00fct\u00fcnle\u015ftirmeye odaklan\u0131yoruz. Detayl\u0131 ara\u015ft\u0131rmalar ile k\u00fclt\u00fcrel miras\u0131 gelece\u011fe ta\u015f\u0131yan projeler yaratmay\u0131 hedefliyoruz.<\/p>\n<p>Projelerimizi, deneyimli ekibimizle ve i\u015f birli\u011fi yapt\u0131\u011f\u0131m\u0131z uzman k\u00fcrat\u00f6rler, tasar\u0131mc\u0131lar, yazarlar ve \u00fcreticilerle birlikte geli\u015ftiriyor, en modern ve yenilik\u00e7i y\u00f6ntemlerle hayata ge\u00e7iriyoruz.<\/p>\n<p>Tetrazon olarak, her zaman s\u0131radan\u0131n \u00f6tesine ge\u00e7meyi, iz b\u0131rakan, merak uyand\u0131ran ve benzersiz deneyimler sunmay\u0131 hedefliyoruz.<\/p>\n<p><span style=\"font-family: Helvetica;\"><strong><span style=\"font-size: 18pt;\">\u0130lkelerimiz<\/span><\/strong><\/span><\/p>\n<p>\ud83d\udd0d <span style=\"font-family: Arial, Helvetica, sans-serif;\"><strong>Bilimsel Yakla\u015f\u0131m<\/strong><\/span><br \/>Her projemizi sa\u011flam bilimsel temellere dayand\u0131r\u0131yor, veriye ve ara\u015ft\u0131rmaya dayal\u0131 i\u00e7erikler geli\u015ftiriyoruz.<\/p>\n<p>\u267b\ufe0f <span style=\"font-family: Arial, Helvetica, sans-serif;\"><strong>S\u00fcrd\u00fcr\u00fclebilirlik<\/strong><\/span><br \/>K\u00fclt\u00fcrel miras\u0131n kal\u0131c\u0131l\u0131\u011f\u0131n\u0131 \u00f6nemsiyor, projelerimizin y\u0131llar i\u00e7inde de\u011ferini koruyacak \u015fekilde tasarlanmas\u0131na \u00f6zen g\u00f6steriyoruz<\/p>\n<p><strong>\ud83c\udfad<\/strong><strong><span style=\"font-family: Arial, Helvetica, sans-serif;\"> Ziyaret\u00e7i Odakl\u0131 Deneyim<\/span><br \/><\/strong>Sergilerimizi yaln\u0131zca g\u00f6stermek i\u00e7in de\u011fil, hissettirmek, d\u00fc\u015f\u00fcnd\u00fcrmek ve ke\u015ffetmeye te\u015fvik etmek i\u00e7in tasarl\u0131yor, projelere \u00f6zel sunum, kullan\u0131m ve fikirler geli\u015ftiriyoruz. Ziyaret\u00e7ilerin her a\u015famada kendilerini hik\u00e2yenin bir par\u00e7as\u0131 olarak hissetmelerini \u00f6nemsiyoruz.<\/p>\n<p>\ud83c\udfae <span style=\"font-family: Arial, Helvetica, sans-serif;\"><strong>Etkile\u015fim ve Kat\u0131l\u0131m<\/strong><\/span><br \/>Duygusal, bili\u015fsel ve fiziksel kat\u0131l\u0131m\u0131 te\u015fvik eden, izleyiciyi pasif bir g\u00f6zlemciden aktif bir ke\u015fif yolcusuna d\u00f6n\u00fc\u015ft\u00fcren deneyimler tasarl\u0131yoruz.<\/p>\n<div style=\"width: 750px;\" class=\"wp-video\"><video class=\"wp-video-shortcode\" id=\"video-9-1\" width=\"750\" height=\"422\" preload=\"metadata\" controls=\"controls\"><source type=\"video\/mp4\" src=\"https:\/\/www.tetrazon.net\/tr\/wp-content\/uploads\/2021\/02\/18235113_10154506683997876_7685288048510107648_n.mp4?_=1\" \/><a href=\"https:\/\/www.tetrazon.net\/tr\/wp-content\/uploads\/2021\/02\/18235113_10154506683997876_7685288048510107648_n.mp4\">https:\/\/www.tetrazon.net\/tr\/wp-content\/uploads\/2021\/02\/18235113_10154506683997876_7685288048510107648_n.mp4<\/a><\/video><\/div>\n<\/div>\n<\/div>\n\n\n\n<p style=\"border-style:none;border-width:0px;border-radius:0px;margin-top:0;margin-bottom:0;padding-top:var(--wp--preset--spacing--50);padding-right:0;padding-bottom:var(--wp--preset--spacing--50);padding-left:0;font-size:28px;font-style:normal;font-weight:700\">Ekibimiz<\/p>\n\n\n\n<p style=\"font-style:normal;font-weight:600\"><strong>BUR\u00c7AK MADRAN<\/strong><\/p>\n\n\n\n<p><strong>M\u00fczebilimci &#8211; End\u00fcstriyel Tasar\u0131mc\u0131 &#8211; \u015eirket Y\u00f6neticisi<\/strong><\/p>\n\n\n\n<p>ODT\u00dc End\u00fcstri \u00dcr\u00fcnleri Tasar\u0131m\u0131n\u0131 bitirdi. Daha sonra Provence \u00dcniversitesi\u2019nden Arkeoloji ve Sanat Tarihi Lisans\u0131 ve Akdeniz K\u00fclt\u00fcr Varl\u0131klar\u0131 Y\u00fcksek Lisans\u0131n\u0131 ald\u0131. Paris EHESS\u2019te tarih alan\u0131nda doktora program\u0131na devam etti. Tarih Vakf\u0131 ve Yap\u0131 Kredi K\u00fclt\u00fcr Sanatta \u00e7al\u0131\u015ft\u0131ktan sonra Y\u0131ld\u0131z Teknik \u00dcniversitesi Sanat ve Tasar\u0131m Fak\u00fcltesi\u2019nde ve M\u00fczecilik Y\u00fcksek Lisans Program\u0131nda \u00f6\u011fretim g\u00f6revlisi oldu. 2005 y\u0131l\u0131nda Tetrazon M\u00fcze Sergi Tasar\u0131m\u0131n\u0131 kurdu.<\/p>\n\n\n\n<p>2016 y\u0131l\u0131nda Uluslararas\u0131 M\u00fczeler Konseyi (ICOM) Uluslararas\u0131 Tarih ve Arkeoloji M\u00fczeleri Komitesinin 4 y\u0131l sekreterli\u011fini yapt\u0131, halen ba\u015fkan\u0131d\u0131r.<\/p>\n\n\n\n<p>2021 y\u0131l\u0131nda kurucu \u00fcyesi oldu\u011fu ECROS (European Cultural Routes of Sports) derne\u011finin ba\u015fkan\u0131d\u0131r.<\/p>\n\n\n\n<p>AICA T\u00fcrkiye ve M\u00fczecilik Meslek Kurulu\u015f Derneklerinin kurucu \u00fcyesidir.<\/p>\n\n\n\n<p>\u00c7e\u015fitli \u00fcniversitelerde m\u00fczecilik, m\u00fczecilik ve tasar\u0131m alanlar\u0131nda dersler vermekte, m\u00fczecilik alan\u0131nda d\u00fczenli olarak makaleler yay\u0131nlamakta, k\u00fclt\u00fcrel miras, m\u00fczeler ve k\u00fclt\u00fcrel kurulu\u015flarla ilgili STK&#8217;larda \u00e7al\u0131\u015fmaktad\u0131r.<\/p>\n\n\n\n<p><\/p>\n\n\n\n<hr class=\"wp-block-separator has-alpha-channel-opacity\"\/>\n\n\n\n<p><\/p>\n\n\n\n<p><strong>DEMET DEM\u0130RAY<\/strong><\/p>\n\n\n\n<p><strong>Proje Y\u00f6neticisi<\/strong><\/p>\n\n\n\n<p>ODT\u00dc \u0130\u015fletme B\u00f6l\u00fcm\u00fcnden mezun olduktan sonra 1991\u2019den 2023 y\u0131l\u0131na kadar P&amp;G, FritoLay, LeoBurnett, FCB, ClearChannel gibi pek \u00e7ok uluslararas\u0131 firmada, \u0130stanbul, Norve\u00e7\/Oslo ve Kazakistan\/Almat\u0131\u2019da sat\u0131\u015f, pazarlama ve ileti\u015fim alanlar\u0131nda y\u00f6netici ve Genel M\u00fcd\u00fcr olarak g\u00f6rev yapt\u0131.<\/p>\n\n\n\n<p>Deneyim ve uzmanl\u0131klar\u0131, sanat ve k\u00fclt\u00fcre olan yak\u0131n ilgisi ile bulu\u015funca, 2023\u2019te Tetrazon\u2019da proje koordinat\u00f6r\u00fc olarak ekibe kat\u0131ld\u0131.<\/p>\n\n\n\n<p>Ayr\u0131ca Gestalt Ko\u00e7luk ve Art Terapi ile u\u011fra\u015f\u0131yor.<\/p>\n\n\n\n<p><\/p>\n\n\n\n<hr class=\"wp-block-separator has-alpha-channel-opacity\"\/>\n\n\n\n<p><\/p>\n\n\n\n<p><strong>AG\u0130T ALTUN<\/strong><\/p>\n\n\n\n<p><strong>Grafik Tasar\u0131mc\u0131<\/strong> &#8211; <strong>G\u00f6rsel \u0130leti\u015fim Koordinat\u00f6r\u00fc<\/strong><\/p>\n\n\n\n<p>DP\u00dc G\u00fczel Sanatlar Grafik Tasar\u0131m b\u00f6l\u00fcm\u00fcnden mezun oldu. Anadolu \u00dcniversitesi\u2019nde Pedagolojik Formasyon e\u011fitimini tamamlad\u0131. MEB b\u00fcnyesinde \u00e7e\u015fitli tasar\u0131m e\u011fitimleri verirken, ayn\u0131 zamanda freelance olarak tasar\u0131m i\u015fleri yapmaya devam etti.<\/p>\n\n\n\n<p>2017 y\u0131l\u0131nda \u0130stanbul Deniz M\u00fczesi&#8217;nde askerlik g\u00f6revini yerine getirirken, m\u00fcze b\u00fcnyesinde \u00e7e\u015fitli tasar\u0131m, grafik ve uygulama projelerinde&nbsp;g\u00f6rev&nbsp;ald\u0131. 2018 y\u0131l\u0131nda Tetrazon M\u00fcze Sergi Tasar\u0131m firmas\u0131na grafik tasar\u0131mc\u0131 olarak kat\u0131ld\u0131.<\/p>\n\n\n\n<p><\/p>\n\n\n\n<hr class=\"wp-block-separator has-alpha-channel-opacity\"\/>\n\n\n\n<p><\/p>\n\n\n\n<p><strong>P\u0130RAYE F\u0130NANSER<\/strong><\/p>\n\n\n\n<p><strong>\u0130\u00e7 Mimar<\/strong><\/p>\n\n\n\n<p>FMV I\u015f\u0131k \u00dcniversitesi \u0130\u00e7 Mimarl\u0131k ve \u00c7evre Tasar\u0131m\u0131 b\u00f6l\u00fcm\u00fcnden mezun olduktan sonra, freelance olarak \u00e7e\u015fitli projelerde \u00e7al\u0131\u015ft\u0131. Ard\u0131ndan, \u00dcmraniye-Ata\u015fehir-G\u00f6ztepe metro hatt\u0131 projesinde i\u00e7 mimar olarak g\u00f6rev ald\u0131. M\u00fczecili\u011fe, k\u00fclt\u00fcrel yap\u0131lara ve sanata olan ilgisinden dolay\u0131 2024 y\u0131l\u0131nda Tetrazon M\u00fcze Sergi Tasar\u0131m firmas\u0131na \u0130\u00e7 mimar-Sergi Tasar\u0131mc\u0131s\u0131 olarak kat\u0131ld\u0131. Ayn\u0131 zamanda FMV I\u015f\u0131k \u00dcniversitesi \u0130\u00e7 Mimarl\u0131k Y\u00fcksek Lisans\u0131 program\u0131na devam&nbsp;etmektedir.<\/p>\n\n\n\n<p><a id=\"_msocom_1\"><\/a><\/p>\n\n\n\n<hr class=\"wp-block-separator has-alpha-channel-opacity\"\/>\n\n\n\n<p><\/p>\n\n\n\n<p><strong>N\u0130SA \u00dcNER<\/strong><\/p>\n\n\n\n<p><strong>\u0130\u00e7 Mimar<\/strong><\/p>\n\n\n\n<p>Sanat ve Tasar\u0131m B\u00f6l\u00fcm\u00fc\/\u0130\u00e7 mekan dekorasyonu dal\u0131nda lise e\u011fitimini tamamlad\u0131ktan sonra lisans e\u011fitimini Alt\u0131nba\u015f \u00dcniversitesi \u0130\u00e7 Mimarl\u0131k ve \u00c7evre Tasar\u0131m\u0131 b\u00f6l\u00fcm\u00fcnde ald\u0131. \u00dcniversite e\u011fitimi sonras\u0131 kendi ilgi alanlar\u0131 do\u011frultusunda Eski\u015fehir Anadolu \u00dcniversitesi\u2019nden G\u00f6rsel \u0130leti\u015fim Bilgisi ve Sanat Tarihi Uzmanl\u0131\u011f\u0131 Sertifika programlar\u0131n\u0131 bitirdi. \u0130\u00e7 mekan tasar\u0131m\u0131 ve uygulamas\u0131 alanlar\u0131nda i\u015f deneyimleri bulunmaktad\u0131r. 2024 y\u0131l\u0131nda Tetrazon M\u00fcze Sergi Tasar\u0131m ekibine&nbsp;kat\u0131ld\u0131.<\/p>\n\n\n\n<p class=\"has-system-font-font-family\" style=\"font-size:28px;font-style:normal;font-weight:700\">\u00d6d\u00fcller<\/p>\n\n\n\n<h3 class=\"wp-block-heading has-text-align-left has-system-font-font-family\" style=\"border-style:none;border-width:0px;margin-top:var(--wp--preset--spacing--60);margin-bottom:var(--wp--preset--spacing--60);font-size:1.5rem;font-style:normal;font-weight:700;text-transform:capitalize\">Sabahattin Ali An\u0131 Evi Alt\u0131n Kar\u0131nca \u00d6d\u00fcl\u00fc 2020<\/h3>\n\n\n\n<figure class=\"wp-block-gallery aligncenter has-nested-images columns-default wp-block-gallery-1 is-layout-flex wp-block-gallery-is-layout-flex\">\n<figure class=\"wp-block-image size-large is-style-default\"><img fetchpriority=\"high\" decoding=\"async\" width=\"1024\" height=\"1024\" data-attachment-id=\"2309\" data-permalink=\"https:\/\/tetrazon.net\/tr\/altin-karinca_sa_3-1\/\" data-orig-file=\"https:\/\/tetrazon.net\/tr\/wp-content\/uploads\/2020\/12\/Altin-karinca_SA_3-1.jpg\" data-orig-size=\"2362,2362\" data-comments-opened=\"0\" data-image-meta=\"{&quot;aperture&quot;:&quot;0&quot;,&quot;credit&quot;:&quot;&quot;,&quot;camera&quot;:&quot;&quot;,&quot;caption&quot;:&quot;&quot;,&quot;created_timestamp&quot;:&quot;0&quot;,&quot;copyright&quot;:&quot;&quot;,&quot;focal_length&quot;:&quot;0&quot;,&quot;iso&quot;:&quot;0&quot;,&quot;shutter_speed&quot;:&quot;0&quot;,&quot;title&quot;:&quot;&quot;,&quot;orientation&quot;:&quot;1&quot;}\" data-image-title=\"Altin-karinca_SA_3-1\" data-image-description=\"\" data-image-caption=\"\" data-large-file=\"https:\/\/tetrazon.net\/tr\/wp-content\/uploads\/2020\/12\/Altin-karinca_SA_3-1-1024x1024.jpg\" data-id=\"2309\" src=\"https:\/\/tetrazon.net\/tr\/wp-content\/uploads\/2020\/12\/Altin-karinca_SA_3-1-1024x1024.jpg\" alt=\"\" class=\"wp-image-2309\" srcset=\"https:\/\/tetrazon.net\/tr\/wp-content\/uploads\/2020\/12\/Altin-karinca_SA_3-1-1024x1024.jpg 1024w, https:\/\/tetrazon.net\/tr\/wp-content\/uploads\/2020\/12\/Altin-karinca_SA_3-1-300x300.jpg 300w, https:\/\/tetrazon.net\/tr\/wp-content\/uploads\/2020\/12\/Altin-karinca_SA_3-1-150x150.jpg 150w, https:\/\/tetrazon.net\/tr\/wp-content\/uploads\/2020\/12\/Altin-karinca_SA_3-1-768x768.jpg 768w, https:\/\/tetrazon.net\/tr\/wp-content\/uploads\/2020\/12\/Altin-karinca_SA_3-1-1536x1536.jpg 1536w, https:\/\/tetrazon.net\/tr\/wp-content\/uploads\/2020\/12\/Altin-karinca_SA_3-1-2048x2048.jpg 2048w, https:\/\/tetrazon.net\/tr\/wp-content\/uploads\/2020\/12\/Altin-karinca_SA_3-1-1240x1240.jpg 1240w, https:\/\/tetrazon.net\/tr\/wp-content\/uploads\/2020\/12\/Altin-karinca_SA_3-1-508x508.jpg 508w\" sizes=\"(max-width: 1024px) 100vw, 1024px\" \/><\/figure>\n<\/figure>\n\n\n\n<h3 class=\"wp-block-heading has-text-align-left has-system-font-font-family\" style=\"border-style:none;border-width:0px;margin-top:var(--wp--preset--spacing--60);margin-bottom:var(--wp--preset--spacing--60);font-size:1.5rem;font-style:normal;font-weight:700\">Buca G\u00f6\u00e7 ve M\u00fcbadele An\u0131 Evi<\/h3>\n\n\n\n<figure class=\"wp-block-gallery has-nested-images columns-3 wp-block-gallery-2 is-layout-flex wp-block-gallery-is-layout-flex\">\n<figure class=\"wp-block-image size-full\"><img decoding=\"async\" width=\"1260\" height=\"889\" data-attachment-id=\"2056\" data-permalink=\"https:\/\/tetrazon.net\/tr\/012-2\/\" data-orig-file=\"https:\/\/tetrazon.net\/tr\/wp-content\/uploads\/2020\/08\/012-2.jpg\" data-orig-size=\"1260,889\" data-comments-opened=\"0\" data-image-meta=\"{&quot;aperture&quot;:&quot;0&quot;,&quot;credit&quot;:&quot;&quot;,&quot;camera&quot;:&quot;&quot;,&quot;caption&quot;:&quot;&quot;,&quot;created_timestamp&quot;:&quot;0&quot;,&quot;copyright&quot;:&quot;&quot;,&quot;focal_length&quot;:&quot;0&quot;,&quot;iso&quot;:&quot;0&quot;,&quot;shutter_speed&quot;:&quot;0&quot;,&quot;title&quot;:&quot;&quot;,&quot;orientation&quot;:&quot;1&quot;}\" data-image-title=\"012-2\" data-image-description=\"\" data-image-caption=\"\" data-large-file=\"https:\/\/tetrazon.net\/tr\/wp-content\/uploads\/2020\/08\/012-2-1024x722.jpg\" data-id=\"2056\" src=\"https:\/\/tetrazon.net\/tr\/wp-content\/uploads\/2020\/08\/012-2.jpg\" alt=\"\" class=\"wp-image-2056\" srcset=\"https:\/\/tetrazon.net\/tr\/wp-content\/uploads\/2020\/08\/012-2.jpg 1260w, https:\/\/tetrazon.net\/tr\/wp-content\/uploads\/2020\/08\/012-2-1024x722.jpg 1024w, https:\/\/tetrazon.net\/tr\/wp-content\/uploads\/2020\/08\/012-2-768x542.jpg 768w, https:\/\/tetrazon.net\/tr\/wp-content\/uploads\/2020\/08\/012-2-1240x875.jpg 1240w, https:\/\/tetrazon.net\/tr\/wp-content\/uploads\/2020\/08\/012-2-508x358.jpg 508w\" sizes=\"(max-width: 1260px) 100vw, 1260px\" \/><\/figure>\n<\/figure>\n\n\n\n<h3 class=\"wp-block-heading has-text-align-left has-system-font-font-family\" style=\"margin-top:var(--wp--preset--spacing--60);margin-bottom:var(--wp--preset--spacing--60);font-size:1.5rem;font-style:normal;font-weight:700\">Eski Tekirda\u011f Foto\u011fraflar\u0131 M\u00fczesi<\/h3>\n\n\n\n<figure class=\"wp-block-gallery has-nested-images columns-default wp-block-gallery-3 is-layout-flex wp-block-gallery-is-layout-flex\">\n<figure class=\"wp-block-image size-large\"><img decoding=\"async\" width=\"1024\" height=\"722\" data-attachment-id=\"2057\" data-permalink=\"https:\/\/tetrazon.net\/tr\/011-3\/\" data-orig-file=\"https:\/\/tetrazon.net\/tr\/wp-content\/uploads\/2020\/08\/011-3.jpg\" data-orig-size=\"1260,889\" data-comments-opened=\"0\" data-image-meta=\"{&quot;aperture&quot;:&quot;0&quot;,&quot;credit&quot;:&quot;&quot;,&quot;camera&quot;:&quot;&quot;,&quot;caption&quot;:&quot;&quot;,&quot;created_timestamp&quot;:&quot;0&quot;,&quot;copyright&quot;:&quot;&quot;,&quot;focal_length&quot;:&quot;0&quot;,&quot;iso&quot;:&quot;0&quot;,&quot;shutter_speed&quot;:&quot;0&quot;,&quot;title&quot;:&quot;&quot;,&quot;orientation&quot;:&quot;1&quot;}\" data-image-title=\"011-3\" data-image-description=\"\" data-image-caption=\"\" data-large-file=\"https:\/\/tetrazon.net\/tr\/wp-content\/uploads\/2020\/08\/011-3-1024x722.jpg\" data-id=\"2057\" src=\"https:\/\/tetrazon.net\/tr\/wp-content\/uploads\/2020\/08\/011-3-1024x722.jpg\" alt=\"\" class=\"wp-image-2057\" srcset=\"https:\/\/tetrazon.net\/tr\/wp-content\/uploads\/2020\/08\/011-3-1024x722.jpg 1024w, https:\/\/tetrazon.net\/tr\/wp-content\/uploads\/2020\/08\/011-3-768x542.jpg 768w, https:\/\/tetrazon.net\/tr\/wp-content\/uploads\/2020\/08\/011-3-1240x875.jpg 1240w, https:\/\/tetrazon.net\/tr\/wp-content\/uploads\/2020\/08\/011-3-508x358.jpg 508w, https:\/\/tetrazon.net\/tr\/wp-content\/uploads\/2020\/08\/011-3.jpg 1260w\" sizes=\"(max-width: 1024px) 100vw, 1024px\" \/><\/figure>\n<\/figure>\n\n\n\n<h3 class=\"wp-block-heading has-text-align-left has-system-font-font-family has-large-font-size\" style=\"font-style:normal;font-weight:700\"><span style=\"font-size: 18pt;\">Tarihi Kentler Birli\u011fi Tarihi ve K\u00fclt\u00fcrel Miras\u0131 Koruma Proje ve Uygulamalar\u0131n\u0131 \u00d6zendirme Yar\u0131\u015fmas\u0131 2014      J\u00fcri \u00d6zel \u00d6d\u00fcl\u00fc<\/span><\/h3>\n\n\n\n<h3 class=\"wp-block-heading has-text-align-left has-system-font-font-family has-large-font-size\" style=\"font-style:normal;font-weight:700\"><span style=\"font-size: 18pt;\">Sel\u00e7uklu Uygarl\u0131\u011f\u0131 M\u00fczesi Kayseri B\u00fcy\u00fck\u015fehir Belediyesi<\/span><\/h3>\n\n\n\n<p><em>&#8220;Tarihi Kentler Birli\u011fi&#8217;nin Tarihi ve K\u00fclt\u00fcrel Miras\u0131 Koruma Proje ve Uygulamalar\u0131n\u0131 \u00d6zendirme Yar\u0131\u015fmas\u0131 sonu\u00e7land\u0131. 32 belediyeden 51 projenin de\u011ferlendirildi\u011fi yar\u0131\u015fma sonucunda Sel\u00e7uklu Uygarl\u0131\u011f\u0131 M\u00fczesi, J\u00fcri \u00d6zel \u00d6d\u00fcl\u00fc&#8217;n\u00fc ald\u0131. Sel\u00e7uklu Uygarl\u0131\u011f\u0131 M\u00fczesi&#8217;ni \u00f6zel \u00f6d\u00fcle lay\u0131k g\u00f6ren yar\u0131\u015fma j\u00fcrisi, m\u00fczenin \u00f6d\u00fcl almas\u0131n\u0131 sa\u011flayan \u00f6zellikleriyle ilgili \u015fu de\u011ferlendirmeyi yapt\u0131<strong>:<\/strong><\/em><\/p>\n\n\n\n<p><em>&#8220;An\u0131tsal bir Sel\u00e7uklu eserinin i\u00e7inde kurgulanan m\u00fcze projesi, m\u00fczecilik anlay\u0131\u015f\u0131 olarak y\u00fcksek niteliktedir ve Anadolu&#8217;da pek \u00e7ok benzer projeye model olu\u015fturmu\u015ftur. Konusunda d\u00fcnyan\u0131n en kapsaml\u0131 m\u00fczesi konumundaki projede, dinamik i\u00e7 mimari \u00e7\u00f6z\u00fcmleri ve sergileme teknikleri \u00f6zellikle dikkat \u00e7ekicidir. Proje kurdu\u011fu i\u015fbirlikleri a\u00e7\u0131s\u0131ndan olumlu bir model olu\u015fturmaktad\u0131r. Proje ayr\u0131ca \u00e7evresindeki ye\u015fil alanlar ve kamusal mekanlarla kurdu\u011fu ili\u015fki ile b\u00fct\u00fcnc\u00fcl bir kentsel senaryonun par\u00e7as\u0131 olmay\u0131 ba\u015farmaktad\u0131r<strong>.&#8221;&nbsp; <\/strong><\/em><a href=\"http:\/\/www.hurriyet.com.tr\/yerel-haberler\/kayseri-haberleri\/selcuklu-muzesi-ne-buyuk-odul_176915\/\">http:\/\/www.hurriyet.com.tr\/yerel-haberler\/kayseri-haberleri\/selcuklu-muzesi-ne-buyuk-odul_176915\/<\/a><\/p>\n\n\n\n<figure class=\"wp-block-gallery has-nested-images columns-default wp-block-gallery-4 is-layout-flex wp-block-gallery-is-layout-flex\">\n<figure class=\"wp-block-image size-large\"><img loading=\"lazy\" decoding=\"async\" width=\"1024\" height=\"690\" data-attachment-id=\"2021\" data-permalink=\"https:\/\/tetrazon.net\/tr\/013-1\/\" data-orig-file=\"https:\/\/tetrazon.net\/tr\/wp-content\/uploads\/2020\/08\/013-1-scaled.jpg\" data-orig-size=\"2560,1726\" data-comments-opened=\"0\" data-image-meta=\"{&quot;aperture&quot;:&quot;0&quot;,&quot;credit&quot;:&quot;&quot;,&quot;camera&quot;:&quot;&quot;,&quot;caption&quot;:&quot;&quot;,&quot;created_timestamp&quot;:&quot;0&quot;,&quot;copyright&quot;:&quot;&quot;,&quot;focal_length&quot;:&quot;0&quot;,&quot;iso&quot;:&quot;0&quot;,&quot;shutter_speed&quot;:&quot;0&quot;,&quot;title&quot;:&quot;&quot;,&quot;orientation&quot;:&quot;1&quot;}\" data-image-title=\"013-1\" data-image-description=\"\" data-image-caption=\"\" data-large-file=\"https:\/\/tetrazon.net\/tr\/wp-content\/uploads\/2020\/08\/013-1-1024x690.jpg\" data-id=\"2021\" src=\"https:\/\/tetrazon.net\/tr\/wp-content\/uploads\/2020\/08\/013-1-1024x690.jpg\" alt=\"\" class=\"wp-image-2021\" srcset=\"https:\/\/tetrazon.net\/tr\/wp-content\/uploads\/2020\/08\/013-1-1024x690.jpg 1024w, https:\/\/tetrazon.net\/tr\/wp-content\/uploads\/2020\/08\/013-1-768x518.jpg 768w, https:\/\/tetrazon.net\/tr\/wp-content\/uploads\/2020\/08\/013-1-1536x1036.jpg 1536w, https:\/\/tetrazon.net\/tr\/wp-content\/uploads\/2020\/08\/013-1-2048x1381.jpg 2048w, https:\/\/tetrazon.net\/tr\/wp-content\/uploads\/2020\/08\/013-1-1240x836.jpg 1240w, https:\/\/tetrazon.net\/tr\/wp-content\/uploads\/2020\/08\/013-1-508x342.jpg 508w\" sizes=\"(max-width: 1024px) 100vw, 1024px\" \/><\/figure>\n<\/figure>\n\n\n\n<h3 class=\"wp-block-heading has-text-align-left has-system-font-font-family\" style=\"margin-top:var(--wp--preset--spacing--60);margin-bottom:var(--wp--preset--spacing--60);font-size:1.5rem;font-style:normal;font-weight:700\">Tarihi \u00c7evre ve K\u00fclt\u00fcr Varl\u0131klar\u0131n\u0131 Koruma Dal\u0131nda Katk\u0131 \u00d6d\u00fcl\u00fc 2013<\/h3>\n\n\n\n<h3 class=\"wp-block-heading has-text-align-left has-system-font-font-family\" style=\"font-size:1.5rem;font-style:normal;font-weight:700\">Torbal\u0131 Kent M\u00fczesi ve Ar\u015fivi Torbal\u0131 Belediyesi<\/h3>\n\n\n\n<p><span class=\"text_exposed_show\"><em>&#8220;Se\u00e7ici Kurul, \u00e7a\u011fda\u015f bir m\u00fcze olarak restorasyonu yap\u0131lan yap\u0131n\u0131n kurat\u00f6rl\u00fc\u011f\u00fc ve tasar\u0131m\u0131n\u0131 ba\u015far\u0131l\u0131 olup; kentin ge\u00e7mi\u015fini somut ve somut olmayan de\u011ferler ba\u011flam\u0131nda ya\u015fatan bir m\u00fcze olmas\u0131; \u00e7ocuk ve gen\u00e7ler i\u00e7in de hem m\u00fcze k\u00fclt\u00fcr\u00fc hem de aidiyetleri i\u00e7in olumlu bir \u00f6rnek olu\u015fturmas\u0131n\u0131 takdir ederek ba\u015fvuruyu;<\/em> <em>\u00d6D\u00dcLE DE\u011eER BULMU\u015eTUR.<\/em><\/span><em> Tasar\u0131m: Bur\u00e7ak MADRAN&#8221;<\/em>&nbsp; (TETRAZON)<\/p>\n","protected":false},"excerpt":{"rendered":"<p>Tetrazon M\u00fcze Sergi Tasar\u0131m T\u00fcrkiye\u2019de m\u00fczeoloji ve m\u00fczeografi alanlar\u0131nda uzmanla\u015fm\u0131\u015f ilk kurulu\u015ftur ve kuruldu\u011fu 2005 y\u0131l\u0131ndan beri hayata ge\u00e7irdi\u011fi 100\u2019den fazla proje ile uzmanl\u0131\u011f\u0131n\u0131 ortaya koymaktad\u0131r. 20 y\u0131ll\u0131k deneyimi boyunca, 50\u2019den fazla kamu kurulu\u015fu ve 40\u2019tan fazla \u00f6zel kuruma m\u00fcze ve sergi olu\u015fum s\u00fcre\u00e7lerinin her a\u015famas\u0131nda- m\u00fczeolojik dan\u0131\u015fmanl\u0131k ve planlama, [&hellip;]<\/p>\n","protected":false},"author":4,"featured_media":0,"parent":0,"menu_order":2,"comment_status":"closed","ping_status":"closed","template":"","meta":{"_themeisle_gutenberg_block_has_review":false,"footnotes":""},"class_list":["post-9","page","type-page","status-publish","hentry"],"jetpack_sharing_enabled":true,"_links":{"self":[{"href":"https:\/\/tetrazon.net\/tr\/wp-json\/wp\/v2\/pages\/9","targetHints":{"allow":["GET"]}}],"collection":[{"href":"https:\/\/tetrazon.net\/tr\/wp-json\/wp\/v2\/pages"}],"about":[{"href":"https:\/\/tetrazon.net\/tr\/wp-json\/wp\/v2\/types\/page"}],"author":[{"embeddable":true,"href":"https:\/\/tetrazon.net\/tr\/wp-json\/wp\/v2\/users\/4"}],"replies":[{"embeddable":true,"href":"https:\/\/tetrazon.net\/tr\/wp-json\/wp\/v2\/comments?post=9"}],"version-history":[{"count":122,"href":"https:\/\/tetrazon.net\/tr\/wp-json\/wp\/v2\/pages\/9\/revisions"}],"predecessor-version":[{"id":3474,"href":"https:\/\/tetrazon.net\/tr\/wp-json\/wp\/v2\/pages\/9\/revisions\/3474"}],"wp:attachment":[{"href":"https:\/\/tetrazon.net\/tr\/wp-json\/wp\/v2\/media?parent=9"}],"curies":[{"name":"wp","href":"https:\/\/api.w.org\/{rel}","templated":true}]}}